{"id":389,"date":"2022-09-05T08:14:24","date_gmt":"2022-09-05T06:14:24","guid":{"rendered":"http:\/\/dev.zbojnickachata.sk\/ubytovanie\/"},"modified":"2023-01-18T10:54:48","modified_gmt":"2023-01-18T09:54:48","slug":"accommodation","status":"publish","type":"page","link":"http:\/\/dev.zbojnickachata.sk\/en\/accommodation\/","title":{"rendered":"Accommodation"},"content":{"rendered":"<p><div class=\"fusion-fullwidth fullwidth-box fusion-builder-row-1 fusion-flex-container nonhundred-percent-fullwidth non-hundred-percent-height-scrolling\" style=\"--awb-border-radius-top-left:0px;--awb-border-radius-top-right:0px;--awb-border-radius-bottom-right:0px;--awb-border-radius-bottom-left:0px;--awb-padding-right-small:0px;--awb-padding-left-small:0px;--awb-margin-bottom:60px;--awb-background-color:#004853;\" ><div class=\"fusion-builder-row fusion-row fusion-flex-align-items-center\" style=\"max-width:1248px;margin-left: calc(-4% \/ 2 );margin-right: calc(-4% \/ 2 );\"><div class=\"fusion-layout-column fusion_builder_column fusion-builder-column-0 fusion_builder_column_1_2 1_2 fusion-flex-column\" style=\"--awb-bg-image:url(&#039;http:\/\/dev.zbojnickachata.sk\/wp-content\/uploads\/2022\/06\/velka-studena-dolina-skoro-rano.jpg&#039;);--awb-bg-size:cover;--awb-width-large:50%;--awb-spacing-right-large:3.84%;--awb-margin-bottom-large:0px;--awb-spacing-left-large:3.84%;--awb-width-medium:50%;--awb-order-medium:0;--awb-spacing-right-medium:3.84%;--awb-spacing-left-medium:3.84%;--awb-width-small:100%;--awb-order-small:0;--awb-spacing-right-small:1.92%;--awb-spacing-left-small:1.92%;\"><div class=\"fusion-column-wrapper fusion-column-has-shadow fusion-flex-justify-content-flex-start fusion-content-layout-column\" data-bg-url=\"http:\/\/dev.zbojnickachata.sk\/wp-content\/uploads\/2022\/06\/velka-studena-dolina-skoro-rano.jpg\"><div class=\"fusion-image-element \"><span class=\" fusion-imageframe imageframe-none imageframe-1 hover-type-none\"><img decoding=\"async\" width=\"900\" height=\"600\" title=\"dolina-jar-kvety\" src=\"http:\/\/dev.zbojnickachata.sk\/wp-content\/uploads\/2022\/09\/dolina-jar-kvety.jpg\" alt class=\"img-responsive wp-image-299\" srcset=\"http:\/\/dev.zbojnickachata.sk\/wp-content\/uploads\/2022\/09\/dolina-jar-kvety-200x133.jpg 200w, http:\/\/dev.zbojnickachata.sk\/wp-content\/uploads\/2022\/09\/dolina-jar-kvety-400x267.jpg 400w, http:\/\/dev.zbojnickachata.sk\/wp-content\/uploads\/2022\/09\/dolina-jar-kvety-600x400.jpg 600w, http:\/\/dev.zbojnickachata.sk\/wp-content\/uploads\/2022\/09\/dolina-jar-kvety-800x533.jpg 800w, http:\/\/dev.zbojnickachata.sk\/wp-content\/uploads\/2022\/09\/dolina-jar-kvety.jpg 900w\" sizes=\"(max-width: 640px) 100vw, 600px\" \/><\/span><\/div><\/div><\/div><div class=\"fusion-layout-column fusion_builder_column fusion-builder-column-1 fusion_builder_column_1_2 1_2 fusion-flex-column\" style=\"--awb-padding-top-small:30px;--awb-padding-right-small:30px;--awb-padding-bottom-small:50px;--awb-padding-left-small:30px;--awb-bg-size:cover;--awb-width-large:50%;--awb-spacing-right-large:3.84%;--awb-margin-bottom-large:0px;--awb-spacing-left-large:3.84%;--awb-width-medium:50%;--awb-order-medium:0;--awb-spacing-right-medium:3.84%;--awb-spacing-left-medium:3.84%;--awb-width-small:100%;--awb-order-small:0;--awb-spacing-right-small:1.92%;--awb-spacing-left-small:1.92%;\"><div class=\"fusion-column-wrapper fusion-column-has-shadow fusion-flex-justify-content-flex-start fusion-content-layout-column\"><div class=\"fusion-title title fusion-title-1 fusion-sep-none fusion-title-text fusion-title-size-one\" style=\"--awb-text-color:#ffffff;\"><h1 class=\"title-heading-left\" style=\"margin:0;\"><p>Year-round accommodation:<br \/>\nExperience the Tatras in every season<\/p><\/h1><\/div><div class=\"fusion-separator\" style=\"align-self: flex-start;margin-right:auto;margin-top:10px;margin-bottom:20px;width:100%;max-width:80px;\"><div class=\"fusion-separator-border sep-single sep-solid\" style=\"border-color:#d4aa3e;border-top-width:3px;\"><\/div><\/div><div class=\"fusion-text fusion-text-1\" style=\"--awb-text-color:#ffffff;\"><p>The evening view of Ve\u013ek\u00e1 Studen\u00e1 Valley is charming at any time of the year.<\/p>\n<p>It is equally magical to be the first adventurer in the valley under the rays of the morning sun.<\/p>\n<\/div><\/div><\/div><\/div><\/div><div class=\"fusion-fullwidth fullwidth-box fusion-builder-row-2 fusion-flex-container nonhundred-percent-fullwidth non-hundred-percent-height-scrolling\" style=\"--awb-border-radius-top-left:0px;--awb-border-radius-top-right:0px;--awb-border-radius-bottom-right:0px;--awb-border-radius-bottom-left:0px;--awb-margin-bottom:60px;\" ><div class=\"fusion-builder-row fusion-row fusion-flex-align-items-center\" style=\"max-width:1248px;margin-left: calc(-4% \/ 2 );margin-right: calc(-4% \/ 2 );\"><div class=\"fusion-layout-column fusion_builder_column fusion-builder-column-2 fusion_builder_column_1_2 1_2 fusion-flex-column\" style=\"--awb-bg-size:cover;--awb-width-large:50%;--awb-spacing-right-large:3.84%;--awb-margin-bottom-large:0px;--awb-spacing-left-large:3.84%;--awb-width-medium:50%;--awb-order-medium:0;--awb-spacing-right-medium:3.84%;--awb-spacing-left-medium:3.84%;--awb-width-small:100%;--awb-order-small:0;--awb-spacing-right-small:1.92%;--awb-margin-bottom-small:30px;--awb-spacing-left-small:1.92%;\"><div class=\"fusion-column-wrapper fusion-column-has-shadow fusion-flex-justify-content-flex-start fusion-content-layout-column\"><div class=\"fusion-title title fusion-title-2 fusion-sep-none fusion-title-text fusion-title-size-two\"><h2 class=\"title-heading-left\" style=\"margin:0;\">Accommodation booking only via email<\/h2><\/div><div class=\"fusion-separator\" style=\"align-self: flex-start;margin-right:auto;margin-top:5px;margin-bottom:15px;width:100%;max-width:80px;\"><div class=\"fusion-separator-border sep-single sep-solid\" style=\"border-color:#d4aa3e;border-top-width:3px;\"><\/div><\/div><div class=\"fusion-text fusion-text-2\"><p>It is necessary to book your accommodation\u00a0<strong>ahead of arrival\u00a0<\/strong>via email:<\/p>\n<ul>\n<li>rezervacie@zbojnickachata.sk<\/li>\n<li>zbojnickehochata@gmail.com<\/li>\n<\/ul>\n<p><strong>Booking email template<\/strong>\u00a0\u2013 see below on what information you need to provide.<\/p>\n<p>We respond to email within 24 hours.\u00a0<strong>We do not accept bookings via phone.<\/strong><\/p>\n<\/div><\/div><\/div><div class=\"fusion-layout-column fusion_builder_column fusion-builder-column-3 fusion_builder_column_1_2 1_2 fusion-flex-column\" style=\"--awb-bg-size:cover;--awb-width-large:50%;--awb-spacing-right-large:3.84%;--awb-margin-bottom-large:0px;--awb-spacing-left-large:3.84%;--awb-width-medium:50%;--awb-order-medium:0;--awb-spacing-right-medium:3.84%;--awb-spacing-left-medium:3.84%;--awb-width-small:100%;--awb-order-small:0;--awb-spacing-right-small:1.92%;--awb-spacing-left-small:1.92%;\"><div class=\"fusion-column-wrapper fusion-column-has-shadow fusion-flex-justify-content-flex-start fusion-content-layout-column\"><div class=\"fusion-image-element \"><span class=\" fusion-imageframe imageframe-none imageframe-2 hover-type-none\"><img decoding=\"async\" width=\"600\" height=\"400\" title=\"ubytovanie-postele\" src=\"http:\/\/dev.zbojnickachata.sk\/wp-content\/uploads\/2022\/06\/ubytovanie-postele.jpg\" alt class=\"img-responsive wp-image-292\" srcset=\"http:\/\/dev.zbojnickachata.sk\/wp-content\/uploads\/2022\/06\/ubytovanie-postele-200x133.jpg 200w, http:\/\/dev.zbojnickachata.sk\/wp-content\/uploads\/2022\/06\/ubytovanie-postele-400x267.jpg 400w, http:\/\/dev.zbojnickachata.sk\/wp-content\/uploads\/2022\/06\/ubytovanie-postele.jpg 600w\" sizes=\"(max-width: 640px) 100vw, 600px\" \/><\/span><\/div><\/div><\/div><\/div><\/div><div class=\"fusion-fullwidth fullwidth-box fusion-builder-row-3 fusion-flex-container nonhundred-percent-fullwidth non-hundred-percent-height-scrolling\" style=\"--awb-border-radius-top-left:0px;--awb-border-radius-top-right:0px;--awb-border-radius-bottom-right:0px;--awb-border-radius-bottom-left:0px;--awb-padding-top:40px;--awb-padding-bottom:40px;--awb-margin-bottom:60px;--awb-background-color:#f8f7f1;\" ><div class=\"fusion-builder-row fusion-row fusion-flex-align-items-center\" style=\"max-width:1248px;margin-left: calc(-4% \/ 2 );margin-right: calc(-4% \/ 2 );\"><div class=\"fusion-layout-column fusion_builder_column fusion-builder-column-4 fusion_builder_column_1_2 1_2 fusion-flex-column\" style=\"--awb-bg-size:cover;--awb-width-large:50%;--awb-spacing-right-large:3.84%;--awb-margin-bottom-large:0px;--awb-spacing-left-large:3.84%;--awb-width-medium:50%;--awb-order-medium:0;--awb-spacing-right-medium:3.84%;--awb-spacing-left-medium:3.84%;--awb-width-small:100%;--awb-order-small:0;--awb-spacing-right-small:1.92%;--awb-spacing-left-small:1.92%;\"><div class=\"fusion-column-wrapper fusion-column-has-shadow fusion-flex-justify-content-flex-start fusion-content-layout-column\"><div class=\"fusion-title title fusion-title-3 fusion-sep-none fusion-title-text fusion-title-size-two\"><h2 class=\"title-heading-left\" style=\"margin:0;\">Booking email template<\/h2><\/div><div class=\"fusion-separator\" style=\"align-self: flex-start;margin-right:auto;margin-top:5px;margin-bottom:15px;width:100%;max-width:80px;\"><div class=\"fusion-separator-border sep-single sep-solid\" style=\"border-color:#d4aa3e;border-top-width:3px;\"><\/div><\/div><div class=\"fusion-text fusion-text-3\"><p>To process your reservation fast it is\u00a0<strong>necessary to provide us the following info<\/strong>:<\/p>\n<\/div><\/div><\/div><div class=\"fusion-layout-column fusion_builder_column fusion-builder-column-5 fusion_builder_column_1_2 1_2 fusion-flex-column\" style=\"--awb-bg-size:cover;--awb-width-large:50%;--awb-spacing-right-large:3.84%;--awb-margin-bottom-large:0px;--awb-spacing-left-large:3.84%;--awb-width-medium:50%;--awb-order-medium:0;--awb-spacing-right-medium:3.84%;--awb-spacing-left-medium:3.84%;--awb-width-small:100%;--awb-order-small:0;--awb-spacing-right-small:1.92%;--awb-spacing-left-small:1.92%;\"><div class=\"fusion-column-wrapper fusion-column-has-shadow fusion-flex-justify-content-flex-start fusion-content-layout-column\"><div class=\"fusion-text fusion-text-4\"><ul>\n<li>first and last name<\/li>\n<li>your phone number<\/li>\n<li>arrival and departure dates (number of nights)<\/li>\n<li>number of people (provide also age for each child)<\/li>\n<li>dinner and breakfast \u2013 notify us of any allergies<\/li>\n<\/ul>\n<\/div><\/div><\/div><\/div><\/div><div class=\"fusion-fullwidth fullwidth-box fusion-builder-row-4 fusion-flex-container nonhundred-percent-fullwidth non-hundred-percent-height-scrolling\" style=\"--awb-border-radius-top-left:0px;--awb-border-radius-top-right:0px;--awb-border-radius-bottom-right:0px;--awb-border-radius-bottom-left:0px;--awb-margin-bottom:60px;\" ><div class=\"fusion-builder-row fusion-row fusion-flex-align-items-flex-start\" style=\"max-width:1248px;margin-left: calc(-4% \/ 2 );margin-right: calc(-4% \/ 2 );\"><div class=\"fusion-layout-column fusion_builder_column fusion-builder-column-6 fusion_builder_column_1_2 1_2 fusion-flex-column\" style=\"--awb-bg-size:cover;--awb-width-large:50%;--awb-spacing-right-large:3.84%;--awb-margin-bottom-large:0px;--awb-spacing-left-large:3.84%;--awb-width-medium:50%;--awb-order-medium:0;--awb-spacing-right-medium:3.84%;--awb-spacing-left-medium:3.84%;--awb-width-small:100%;--awb-order-small:0;--awb-spacing-right-small:1.92%;--awb-margin-bottom-small:30px;--awb-spacing-left-small:1.92%;\"><div class=\"fusion-column-wrapper fusion-column-has-shadow fusion-flex-justify-content-flex-start fusion-content-layout-column\"><div class=\"fusion-title title fusion-title-4 fusion-sep-none fusion-title-text fusion-title-size-two\"><h2 class=\"title-heading-left\" style=\"margin:0;\">Accommodation + Rules<\/h2><\/div><div class=\"fusion-separator\" style=\"align-self: flex-start;margin-right:auto;margin-top:5px;margin-bottom:15px;width:100%;max-width:80px;\"><div class=\"fusion-separator-border sep-single sep-solid\" style=\"border-color:#d4aa3e;border-top-width:3px;\"><\/div><\/div><div class=\"fusion-text fusion-text-5\"><p>By booking accommodation, you reserve a place to <strong>sleep in a multi-bed room<\/strong> with other tourists (hostel type of accommodation).<\/p>\n<p>We <strong>hold reservations until 5 pm<\/strong> on the given day. If you would not be able to come, please call us (+421 903 638 000), otherwise, <strong>your places will be offered<\/strong> to other interested parties.<\/p>\n<p>The rooms must be <strong>vacated<\/strong> (checked out) no later than 8:30 am, so that we can clean the chalet before the arrival of the next tourists. Thank you for understanding.<\/p>\n<\/div><\/div><\/div><div class=\"fusion-layout-column fusion_builder_column fusion-builder-column-7 fusion_builder_column_1_2 1_2 fusion-flex-column\" style=\"--awb-bg-size:cover;--awb-width-large:50%;--awb-spacing-right-large:3.84%;--awb-margin-bottom-large:0px;--awb-spacing-left-large:3.84%;--awb-width-medium:50%;--awb-order-medium:0;--awb-spacing-right-medium:3.84%;--awb-spacing-left-medium:3.84%;--awb-width-small:100%;--awb-order-small:0;--awb-spacing-right-small:1.92%;--awb-margin-bottom-small:30px;--awb-spacing-left-small:1.92%;\"><div class=\"fusion-column-wrapper fusion-column-has-shadow fusion-flex-justify-content-flex-start fusion-content-layout-column\"><div class=\"fusion-title title fusion-title-5 fusion-sep-none fusion-title-text fusion-title-size-two\"><h2 class=\"title-heading-left\" style=\"margin:0;\">Bedding + Emergency sleepover<\/h2><\/div><div class=\"fusion-separator\" style=\"align-self: flex-start;margin-right:auto;margin-top:5px;margin-bottom:15px;width:100%;max-width:80px;\"><div class=\"fusion-separator-border sep-single sep-solid\" style=\"border-color:#d4aa3e;border-top-width:3px;\"><\/div><\/div><div class=\"fusion-text fusion-text-6\"><p>The reserved beds (places) include a pillow and blanket, without bed linen. However, for hygienic reasons, it is necessary to <strong>have your own sleeping bag insert<\/strong>. The insert can be purchased directly at the chalet for EUR 10, or in Decathlon stores for EUR 8 &#8211; <a href=\"https:\/\/www.decathlon.sk\/p\/107086-2676_polyesterova-vlozka-do-spacieho-vaku.html\" target=\"_blank\" rel=\"noopener\">link to the product<\/a>.<\/p>\n<p>If you do not want to use your own sleeping bag insert, but are <strong>interested in bed linen<\/strong>, it is possible to pay extra for it for EUR 6.<\/p>\n<p><strong>If the beds are fully occupied<\/strong>, it is possible to sleep on the floor in the dining room, with your own sleeping bag and mat. One night costs 12 \u20ac and a reservation via e-mail is required. Member discounts cannot be applied to this type of accommodation.<\/p>\n<p>If beds become available that day, you will be back on normal beds &#8211; at the normal price.<\/p>\n<\/div><\/div><\/div><div class=\"fusion-layout-column fusion_builder_column fusion-builder-column-8 fusion_builder_column_1_2 1_2 fusion-flex-column\" style=\"--awb-bg-size:cover;--awb-width-large:50%;--awb-margin-top-large:30px;--awb-spacing-right-large:3.84%;--awb-margin-bottom-large:0px;--awb-spacing-left-large:3.84%;--awb-width-medium:50%;--awb-order-medium:0;--awb-spacing-right-medium:3.84%;--awb-spacing-left-medium:3.84%;--awb-width-small:100%;--awb-order-small:0;--awb-margin-top-small:0px;--awb-spacing-right-small:1.92%;--awb-margin-bottom-small:30px;--awb-spacing-left-small:1.92%;\"><div class=\"fusion-column-wrapper fusion-column-has-shadow fusion-flex-justify-content-flex-start fusion-content-layout-column\"><div class=\"fusion-title title fusion-title-6 fusion-sep-none fusion-title-text fusion-title-size-two\"><h2 class=\"title-heading-left\" style=\"margin:0;\">Bathrooms + Cell signal and WIFI<\/h2><\/div><div class=\"fusion-separator\" style=\"align-self: flex-start;margin-right:auto;margin-top:5px;margin-bottom:15px;width:100%;max-width:80px;\"><div class=\"fusion-separator-border sep-single sep-solid\" style=\"border-color:#d4aa3e;border-top-width:3px;\"><\/div><\/div><div class=\"fusion-text fusion-text-7\"><p>There is an accessible <strong>washroom<\/strong> in the chalet for those accommodated &#8211; only with cold water. We don&#8217;t have <strong>showers<\/strong>.<br \/>\nDry toilets are located outside, next to the chalet.<\/p>\n<p>You can <strong>charge your mobile phone<\/strong> in the chalet. There is <strong>no cell signal or WIFI<\/strong> in the chalet. The cell signal can be caught on a hill, near the chalet.<\/p>\n<\/div><\/div><\/div><div class=\"fusion-layout-column fusion_builder_column fusion-builder-column-9 fusion_builder_column_1_2 1_2 fusion-flex-column\" style=\"--awb-bg-size:cover;--awb-width-large:50%;--awb-margin-top-large:30px;--awb-spacing-right-large:3.84%;--awb-margin-bottom-large:0px;--awb-spacing-left-large:3.84%;--awb-width-medium:50%;--awb-order-medium:0;--awb-spacing-right-medium:3.84%;--awb-spacing-left-medium:3.84%;--awb-width-small:100%;--awb-order-small:0;--awb-margin-top-small:0px;--awb-spacing-right-small:1.92%;--awb-spacing-left-small:1.92%;\"><div class=\"fusion-column-wrapper fusion-column-has-shadow fusion-flex-justify-content-flex-start fusion-content-layout-column\"><div class=\"fusion-title title fusion-title-7 fusion-sep-none fusion-title-text fusion-title-size-two\"><h2 class=\"title-heading-left\" style=\"margin:0;\">Bivouac + Your own food + Stay with a dog<\/h2><\/div><div class=\"fusion-separator\" style=\"align-self: flex-start;margin-right:auto;margin-top:5px;margin-bottom:15px;width:100%;max-width:80px;\"><div class=\"fusion-separator-border sep-single sep-solid\" style=\"border-color:#d4aa3e;border-top-width:3px;\"><\/div><\/div><div class=\"fusion-text fusion-text-8\"><p><strong>Bivouac<\/strong>\u00a0and camping is <strong>prohibited<\/strong> in the TANAP National Park, even in the vicinity of the chalet.<\/p>\n<p>A tourist kitchen, for preparing your own food, is not available. The own stove can only be used outside in front of the chalet.<\/p>\n<p>A <strong>stay with a dog<\/strong> is not possible.<\/p>\n<\/div><\/div><\/div><\/div><\/div><div class=\"fusion-fullwidth fullwidth-box fusion-builder-row-5 fusion-flex-container nonhundred-percent-fullwidth non-hundred-percent-height-scrolling\" style=\"--awb-border-radius-top-left:0px;--awb-border-radius-top-right:0px;--awb-border-radius-bottom-right:0px;--awb-border-radius-bottom-left:0px;--awb-padding-top:40px;--awb-padding-bottom:40px;--awb-margin-bottom:60px;--awb-background-color:#f8f7f1;\" ><div class=\"fusion-builder-row fusion-row fusion-flex-align-items-center\" style=\"max-width:1248px;margin-left: calc(-4% \/ 2 );margin-right: calc(-4% \/ 2 );\"><div class=\"fusion-layout-column fusion_builder_column fusion-builder-column-10 fusion_builder_column_1_2 1_2 fusion-flex-column\" style=\"--awb-bg-size:cover;--awb-width-large:50%;--awb-spacing-right-large:3.84%;--awb-margin-bottom-large:0px;--awb-spacing-left-large:3.84%;--awb-width-medium:50%;--awb-order-medium:0;--awb-spacing-right-medium:3.84%;--awb-spacing-left-medium:3.84%;--awb-width-small:100%;--awb-order-small:0;--awb-spacing-right-small:1.92%;--awb-spacing-left-small:1.92%;\"><div class=\"fusion-column-wrapper fusion-column-has-shadow fusion-flex-justify-content-flex-start fusion-content-layout-column\"><div class=\"fusion-title title fusion-title-8 fusion-sep-none fusion-title-text fusion-title-size-two\"><h2 class=\"title-heading-left\" style=\"margin:0;\">Keep our mountains clean<\/h2><\/div><div class=\"fusion-separator\" style=\"align-self: flex-start;margin-right:auto;margin-top:5px;margin-bottom:15px;width:100%;max-width:80px;\"><div class=\"fusion-separator-border sep-single sep-solid\" style=\"border-color:#d4aa3e;border-top-width:3px;\"><\/div><\/div><div class=\"fusion-text fusion-text-9\"><p>We kindly ask you to\u00a0<strong>take everything back<\/strong>\u00a0that you bring with you.<\/p>\n<p>Garbage does not belong in the mountains and our mountain porters have to carry everything down.\u00a0<strong>Help us keep our mountains clean for generations to come<\/strong>.<\/p>\n<\/div><\/div><\/div><div class=\"fusion-layout-column fusion_builder_column fusion-builder-column-11 fusion_builder_column_1_2 1_2 fusion-flex-column\" style=\"--awb-bg-size:cover;--awb-width-large:50%;--awb-spacing-right-large:3.84%;--awb-margin-bottom-large:0px;--awb-spacing-left-large:3.84%;--awb-width-medium:50%;--awb-order-medium:0;--awb-spacing-right-medium:3.84%;--awb-spacing-left-medium:3.84%;--awb-width-small:100%;--awb-order-small:0;--awb-margin-top-small:20px;--awb-spacing-right-small:1.92%;--awb-spacing-left-small:1.92%;\"><div class=\"fusion-column-wrapper fusion-column-has-shadow fusion-flex-justify-content-flex-start fusion-content-layout-column\"><div class=\"fusion-image-element \" style=\"text-align:center;\"><span class=\" fusion-imageframe imageframe-none imageframe-3 hover-type-none\"><img decoding=\"async\" width=\"430\" height=\"270\" title=\"cistota-hor\" src=\"http:\/\/dev.zbojnickachata.sk\/wp-content\/uploads\/2022\/09\/cistota-hor.jpg\" alt class=\"img-responsive wp-image-294\" srcset=\"http:\/\/dev.zbojnickachata.sk\/wp-content\/uploads\/2022\/09\/cistota-hor-200x126.jpg 200w, http:\/\/dev.zbojnickachata.sk\/wp-content\/uploads\/2022\/09\/cistota-hor-400x251.jpg 400w, http:\/\/dev.zbojnickachata.sk\/wp-content\/uploads\/2022\/09\/cistota-hor.jpg 430w\" sizes=\"(max-width: 640px) 100vw, 430px\" \/><\/span><\/div><\/div><\/div><\/div><\/div><\/p>\n","protected":false},"excerpt":{"rendered":"","protected":false},"author":1,"featured_media":0,"parent":0,"menu_order":0,"comment_status":"closed","ping_status":"closed","template":"100-width.php","meta":[],"_links":{"self":[{"href":"http:\/\/dev.zbojnickachata.sk\/en\/wp-json\/wp\/v2\/pages\/389"}],"collection":[{"href":"http:\/\/dev.zbojnickachata.sk\/en\/wp-json\/wp\/v2\/pages"}],"about":[{"href":"http:\/\/dev.zbojnickachata.sk\/en\/wp-json\/wp\/v2\/types\/page"}],"author":[{"embeddable":true,"href":"http:\/\/dev.zbojnickachata.sk\/en\/wp-json\/wp\/v2\/users\/1"}],"replies":[{"embeddable":true,"href":"http:\/\/dev.zbojnickachata.sk\/en\/wp-json\/wp\/v2\/comments?post=389"}],"version-history":[{"count":6,"href":"http:\/\/dev.zbojnickachata.sk\/en\/wp-json\/wp\/v2\/pages\/389\/revisions"}],"predecessor-version":[{"id":395,"href":"http:\/\/dev.zbojnickachata.sk\/en\/wp-json\/wp\/v2\/pages\/389\/revisions\/395"}],"wp:attachment":[{"href":"http:\/\/dev.zbojnickachata.sk\/en\/wp-json\/wp\/v2\/media?parent=389"}],"curies":[{"name":"wp","href":"https:\/\/api.w.org\/{rel}","templated":true}]}}