{"id":366,"date":"2022-12-03T15:46:23","date_gmt":"2022-12-03T14:46:23","guid":{"rendered":"http:\/\/dev.zbojnickachata.sk\/pristup-na-chatu-lokacia\/"},"modified":"2023-01-18T10:04:11","modified_gmt":"2023-01-18T09:04:11","slug":"chalet-access-location","status":"publish","type":"page","link":"http:\/\/dev.zbojnickachata.sk\/en\/chalet-access-location\/","title":{"rendered":"Chalet access and location"},"content":{"rendered":"<p><div class=\"fusion-fullwidth fullwidth-box fusion-builder-row-1 fusion-flex-container nonhundred-percent-fullwidth non-hundred-percent-height-scrolling\" style=\"--awb-border-radius-top-left:0px;--awb-border-radius-top-right:0px;--awb-border-radius-bottom-right:0px;--awb-border-radius-bottom-left:0px;--awb-padding-right-small:0px;--awb-padding-left-small:0px;--awb-margin-bottom:60px;--awb-background-color:#004853;\" ><div class=\"fusion-builder-row fusion-row fusion-flex-align-items-center\" style=\"max-width:1248px;margin-left: calc(-4% \/ 2 );margin-right: calc(-4% \/ 2 );\"><div class=\"fusion-layout-column fusion_builder_column fusion-builder-column-0 fusion_builder_column_1_2 1_2 fusion-flex-column\" style=\"--awb-bg-image:url(&#039;http:\/\/dev.zbojnickachata.sk\/wp-content\/uploads\/2022\/06\/velka-studena-dolina-skoro-rano.jpg&#039;);--awb-bg-size:cover;--awb-width-large:50%;--awb-spacing-right-large:3.84%;--awb-margin-bottom-large:0px;--awb-spacing-left-large:3.84%;--awb-width-medium:50%;--awb-order-medium:0;--awb-spacing-right-medium:3.84%;--awb-spacing-left-medium:3.84%;--awb-width-small:100%;--awb-order-small:0;--awb-spacing-right-small:1.92%;--awb-spacing-left-small:1.92%;\"><div class=\"fusion-column-wrapper fusion-column-has-shadow fusion-flex-justify-content-flex-start fusion-content-layout-column\" data-bg-url=\"http:\/\/dev.zbojnickachata.sk\/wp-content\/uploads\/2022\/06\/velka-studena-dolina-skoro-rano.jpg\"><div class=\"fusion-image-element \"><span class=\" fusion-imageframe imageframe-none imageframe-1 hover-type-none\"><img decoding=\"async\" width=\"900\" height=\"600\" title=\"zima-900&#215;600-B\" src=\"http:\/\/dev.zbojnickachata.sk\/wp-content\/uploads\/2023\/01\/zima-900x600-B.jpg\" alt class=\"img-responsive wp-image-307\" srcset=\"http:\/\/dev.zbojnickachata.sk\/wp-content\/uploads\/2023\/01\/zima-900x600-B-200x133.jpg 200w, http:\/\/dev.zbojnickachata.sk\/wp-content\/uploads\/2023\/01\/zima-900x600-B-400x267.jpg 400w, http:\/\/dev.zbojnickachata.sk\/wp-content\/uploads\/2023\/01\/zima-900x600-B-600x400.jpg 600w, http:\/\/dev.zbojnickachata.sk\/wp-content\/uploads\/2023\/01\/zima-900x600-B-800x533.jpg 800w, http:\/\/dev.zbojnickachata.sk\/wp-content\/uploads\/2023\/01\/zima-900x600-B.jpg 900w\" sizes=\"(max-width: 640px) 100vw, 600px\" \/><\/span><\/div><\/div><\/div><div class=\"fusion-layout-column fusion_builder_column fusion-builder-column-1 fusion_builder_column_1_2 1_2 fusion-flex-column\" style=\"--awb-padding-top-small:30px;--awb-padding-right-small:30px;--awb-padding-bottom-small:50px;--awb-padding-left-small:30px;--awb-bg-size:cover;--awb-width-large:50%;--awb-spacing-right-large:3.84%;--awb-margin-bottom-large:0px;--awb-spacing-left-large:3.84%;--awb-width-medium:50%;--awb-order-medium:0;--awb-spacing-right-medium:3.84%;--awb-spacing-left-medium:3.84%;--awb-width-small:100%;--awb-order-small:0;--awb-spacing-right-small:1.92%;--awb-spacing-left-small:1.92%;\"><div class=\"fusion-column-wrapper fusion-column-has-shadow fusion-flex-justify-content-flex-start fusion-content-layout-column\"><div class=\"fusion-title title fusion-title-1 fusion-sep-none fusion-title-text fusion-title-size-one\" style=\"--awb-text-color:#ffffff;\"><h1 class=\"title-heading-left\" style=\"margin:0;\">Chalet access and location<\/h1><\/div><div class=\"fusion-separator\" style=\"align-self: flex-start;margin-right:auto;margin-top:10px;margin-bottom:20px;width:100%;max-width:80px;\"><div class=\"fusion-separator-border sep-single sep-solid\" style=\"border-color:#d4aa3e;border-top-width:3px;\"><\/div><\/div><div class=\"fusion-text fusion-text-1\" style=\"--awb-text-color:#ffffff;\"><p>Zbojn\u00edcka Chalet is located at an <strong>altitude of 1960m in the Ve\u013ek\u00e1 Studen\u00e1 Valley<\/strong> with several access routes leading to it.<\/p>\n<p>The chalet is also on the traverse routes when crossing the Tatras from east to west (or vice versa), and also during the less known crossing from north to south.<\/p>\n<p><strong>GPS coordinates<\/strong> &#8211; latitude: 49.17657 \u00b0 , longitude: 20.16729 \u00b0<\/p>\n<\/div><\/div><\/div><\/div><\/div><div class=\"fusion-fullwidth fullwidth-box fusion-builder-row-2 fusion-flex-container nonhundred-percent-fullwidth non-hundred-percent-height-scrolling\" style=\"--awb-border-radius-top-left:0px;--awb-border-radius-top-right:0px;--awb-border-radius-bottom-right:0px;--awb-border-radius-bottom-left:0px;--awb-margin-bottom:60px;\" ><div class=\"fusion-builder-row fusion-row fusion-flex-align-items-flex-start\" style=\"max-width:1248px;margin-left: calc(-4% \/ 2 );margin-right: calc(-4% \/ 2 );\"><div class=\"fusion-layout-column fusion_builder_column fusion-builder-column-2 fusion_builder_column_1_2 1_2 fusion-flex-column\" style=\"--awb-bg-size:cover;--awb-width-large:50%;--awb-spacing-right-large:3.84%;--awb-margin-bottom-large:0px;--awb-spacing-left-large:3.84%;--awb-width-medium:50%;--awb-order-medium:0;--awb-spacing-right-medium:3.84%;--awb-spacing-left-medium:3.84%;--awb-width-small:100%;--awb-order-small:0;--awb-spacing-right-small:1.92%;--awb-margin-bottom-small:30px;--awb-spacing-left-small:1.92%;\"><div class=\"fusion-column-wrapper fusion-column-has-shadow fusion-flex-justify-content-flex-start fusion-content-layout-column\"><div class=\"fusion-title title fusion-title-2 fusion-sep-none fusion-title-text fusion-title-size-two\"><h2 class=\"title-heading-left\" style=\"margin:0;\">From Hrebienok and Star\u00fd Smokovec \u2013 the fastest and safest access<\/h2><\/div><div class=\"fusion-separator\" style=\"align-self: flex-start;margin-right:auto;margin-top:5px;margin-bottom:15px;width:100%;max-width:80px;\"><div class=\"fusion-separator-border sep-single sep-solid\" style=\"border-color:#d4aa3e;border-top-width:3px;\"><\/div><\/div><div class=\"fusion-text fusion-text-2\"><p><strong>2,5 \u2013 3h<\/strong>\u00a0from Hrebienok (\u2191 720m)<br \/>\n<strong>3,5 \u2013 4h<\/strong>\u00a0from Star\u00fd Smokovec (\u2191 980m)<\/p>\n<p><strong>Route<\/strong>: Good hiking trail will lead you up our beautiful valley from Hrebienok (2,5-3h) which you can reach by cable car from Star\u00fd Smokovec. If you start already from Star\u00fd Smokovec then add another 30-40min to your hike.<\/p>\n<p><strong>Best conditions:<\/strong>\u00a0This route can be followed in almost any conditions but best is between June and October. And with skis or snowshoes during winter and spring.<\/p>\n<\/div><\/div><\/div><div class=\"fusion-layout-column fusion_builder_column fusion-builder-column-3 fusion_builder_column_1_2 1_2 fusion-flex-column\" style=\"--awb-bg-size:cover;--awb-width-large:50%;--awb-spacing-right-large:3.84%;--awb-margin-bottom-large:0px;--awb-spacing-left-large:3.84%;--awb-width-medium:50%;--awb-order-medium:0;--awb-spacing-right-medium:3.84%;--awb-spacing-left-medium:3.84%;--awb-width-small:100%;--awb-order-small:0;--awb-spacing-right-small:1.92%;--awb-spacing-left-small:1.92%;\"><div class=\"fusion-column-wrapper fusion-column-has-shadow fusion-flex-justify-content-flex-start fusion-content-layout-column\"><div class=\"fusion-image-element \"><span class=\" fusion-imageframe imageframe-none imageframe-2 hover-type-none\"><img decoding=\"async\" width=\"900\" height=\"600\" title=\"dolina-leto\" src=\"http:\/\/dev.zbojnickachata.sk\/wp-content\/uploads\/2022\/09\/dolina-leto.jpg\" alt class=\"img-responsive wp-image-302\" srcset=\"http:\/\/dev.zbojnickachata.sk\/wp-content\/uploads\/2022\/09\/dolina-leto-200x133.jpg 200w, http:\/\/dev.zbojnickachata.sk\/wp-content\/uploads\/2022\/09\/dolina-leto-400x267.jpg 400w, http:\/\/dev.zbojnickachata.sk\/wp-content\/uploads\/2022\/09\/dolina-leto-600x400.jpg 600w, http:\/\/dev.zbojnickachata.sk\/wp-content\/uploads\/2022\/09\/dolina-leto-800x533.jpg 800w, http:\/\/dev.zbojnickachata.sk\/wp-content\/uploads\/2022\/09\/dolina-leto.jpg 900w\" sizes=\"(max-width: 640px) 100vw, 600px\" \/><\/span><\/div><\/div><\/div><\/div><\/div><div class=\"fusion-fullwidth fullwidth-box fusion-builder-row-3 fusion-flex-container nonhundred-percent-fullwidth non-hundred-percent-height-scrolling\" style=\"--awb-border-radius-top-left:0px;--awb-border-radius-top-right:0px;--awb-border-radius-bottom-right:0px;--awb-border-radius-bottom-left:0px;--awb-margin-bottom:60px;\" ><div class=\"fusion-builder-row fusion-row fusion-flex-align-items-flex-start\" style=\"max-width:1248px;margin-left: calc(-4% \/ 2 );margin-right: calc(-4% \/ 2 );\"><div class=\"fusion-layout-column fusion_builder_column fusion-builder-column-4 fusion_builder_column_1_2 1_2 fusion-flex-column\" style=\"--awb-bg-size:cover;--awb-width-large:50%;--awb-spacing-right-large:3.84%;--awb-margin-bottom-large:0px;--awb-spacing-left-large:3.84%;--awb-width-medium:50%;--awb-order-medium:0;--awb-spacing-right-medium:3.84%;--awb-spacing-left-medium:3.84%;--awb-width-small:100%;--awb-order-small:0;--awb-spacing-right-small:1.92%;--awb-spacing-left-small:1.92%;\"><div class=\"fusion-column-wrapper fusion-column-has-shadow fusion-flex-justify-content-flex-start fusion-content-layout-column\"><div class=\"fusion-image-element \"><span class=\" fusion-imageframe imageframe-none imageframe-3 hover-type-none\"><img decoding=\"async\" width=\"900\" height=\"600\" title=\"dolina-priecne-sedlo\" src=\"http:\/\/dev.zbojnickachata.sk\/wp-content\/uploads\/2022\/09\/dolina-priecne-sedlo.jpg\" alt class=\"img-responsive wp-image-300\" srcset=\"http:\/\/dev.zbojnickachata.sk\/wp-content\/uploads\/2022\/09\/dolina-priecne-sedlo-200x133.jpg 200w, http:\/\/dev.zbojnickachata.sk\/wp-content\/uploads\/2022\/09\/dolina-priecne-sedlo-400x267.jpg 400w, http:\/\/dev.zbojnickachata.sk\/wp-content\/uploads\/2022\/09\/dolina-priecne-sedlo-600x400.jpg 600w, http:\/\/dev.zbojnickachata.sk\/wp-content\/uploads\/2022\/09\/dolina-priecne-sedlo-800x533.jpg 800w, http:\/\/dev.zbojnickachata.sk\/wp-content\/uploads\/2022\/09\/dolina-priecne-sedlo.jpg 900w\" sizes=\"(max-width: 640px) 100vw, 600px\" \/><\/span><\/div><\/div><\/div><div class=\"fusion-layout-column fusion_builder_column fusion-builder-column-5 fusion_builder_column_1_2 1_2 fusion-flex-column\" style=\"--awb-bg-size:cover;--awb-width-large:50%;--awb-spacing-right-large:3.84%;--awb-margin-bottom-large:0px;--awb-spacing-left-large:3.84%;--awb-width-medium:50%;--awb-order-medium:0;--awb-spacing-right-medium:3.84%;--awb-spacing-left-medium:3.84%;--awb-width-small:100%;--awb-order-small:0;--awb-spacing-right-small:1.92%;--awb-margin-bottom-small:30px;--awb-spacing-left-small:1.92%;\"><div class=\"fusion-column-wrapper fusion-column-has-shadow fusion-flex-justify-content-flex-start fusion-content-layout-column\"><div class=\"fusion-title title fusion-title-3 fusion-sep-none fusion-title-text fusion-title-size-two\"><h2 class=\"title-heading-left\" style=\"margin:0;\">From T\u00e9ryho Chalet \u2013 from the east<\/h2><\/div><div class=\"fusion-separator\" style=\"align-self: flex-start;margin-right:auto;margin-top:5px;margin-bottom:15px;width:100%;max-width:80px;\"><div class=\"fusion-separator-border sep-single sep-solid\" style=\"border-color:#d4aa3e;border-top-width:3px;\"><\/div><\/div><div class=\"fusion-text fusion-text-3\"><p><strong>2,5 \u2013 3h<\/strong> (\u2191 370m, \u2193 400m)<\/p>\n<p><strong>Toute:\u00a0<\/strong>Traversing over the Prie\u010dne Pass is very popular and is a challenge for many experienced hikers as you need to ascent the final sections with the help of chains.<\/p>\n<p>This traverse allows for a beautiful loop Hrebienok &gt; T\u00e9ryho chata &gt; Prie\u010dne sedlo &gt; Zbojn\u00edcka chata &gt; Hrebienok. Or in the opposite direction.<\/p>\n<p><strong>Best conditions:<\/strong>\u00a0June to September, or without snow and ice. Best in dry conditions.<\/p>\n<\/div><\/div><\/div><\/div><\/div><div class=\"fusion-fullwidth fullwidth-box fusion-builder-row-4 fusion-flex-container nonhundred-percent-fullwidth non-hundred-percent-height-scrolling\" style=\"--awb-border-radius-top-left:0px;--awb-border-radius-top-right:0px;--awb-border-radius-bottom-right:0px;--awb-border-radius-bottom-left:0px;--awb-margin-bottom:60px;\" ><div class=\"fusion-builder-row fusion-row fusion-flex-align-items-flex-start\" style=\"max-width:1248px;margin-left: calc(-4% \/ 2 );margin-right: calc(-4% \/ 2 );\"><div class=\"fusion-layout-column fusion_builder_column fusion-builder-column-6 fusion_builder_column_1_2 1_2 fusion-flex-column\" style=\"--awb-bg-size:cover;--awb-width-large:50%;--awb-spacing-right-large:3.84%;--awb-margin-bottom-large:0px;--awb-spacing-left-large:3.84%;--awb-width-medium:50%;--awb-order-medium:0;--awb-spacing-right-medium:3.84%;--awb-spacing-left-medium:3.84%;--awb-width-small:100%;--awb-order-small:0;--awb-spacing-right-small:1.92%;--awb-margin-bottom-small:30px;--awb-spacing-left-small:1.92%;\"><div class=\"fusion-column-wrapper fusion-column-has-shadow fusion-flex-justify-content-flex-start fusion-content-layout-column\"><div class=\"fusion-title title fusion-title-4 fusion-sep-none fusion-title-text fusion-title-size-two\"><h2 class=\"title-heading-left\" style=\"margin:0;\">From Sliezky dom \u2013 from the west<\/h2><\/div><div class=\"fusion-separator\" style=\"align-self: flex-start;margin-right:auto;margin-top:5px;margin-bottom:15px;width:100%;max-width:80px;\"><div class=\"fusion-separator-border sep-single sep-solid\" style=\"border-color:#d4aa3e;border-top-width:3px;\"><\/div><\/div><div class=\"fusion-text fusion-text-4\"><p><strong>3,5 &#8211; 4h<\/strong> (\u2191 690m, \u2193 370m)<\/p>\n<p><strong>Route:<\/strong> A very nice trek that will bring you from Sliezsky dom (Velick\u00e1 Valley) over Prielom Pass and Po\u013esk\u00fd hrebe\u0148 (Polish Ridge) to our chalet.<\/p>\n<p><strong>Best conditions:<\/strong>\u00a0June to September, or without snow and ice.<\/p>\n<\/div><\/div><\/div><div class=\"fusion-layout-column fusion_builder_column fusion-builder-column-7 fusion_builder_column_1_2 1_2 fusion-flex-column\" style=\"--awb-bg-size:cover;--awb-width-large:50%;--awb-spacing-right-large:3.84%;--awb-margin-bottom-large:0px;--awb-spacing-left-large:3.84%;--awb-width-medium:50%;--awb-order-medium:0;--awb-spacing-right-medium:3.84%;--awb-spacing-left-medium:3.84%;--awb-width-small:100%;--awb-order-small:0;--awb-spacing-right-small:1.92%;--awb-margin-bottom-small:30px;--awb-spacing-left-small:1.92%;\"><div class=\"fusion-column-wrapper fusion-column-has-shadow fusion-flex-justify-content-flex-start fusion-content-layout-column\"><div class=\"fusion-title title fusion-title-5 fusion-sep-none fusion-title-text fusion-title-size-two\"><h2 class=\"title-heading-left\" style=\"margin:0;\">From Lysa Po\u013eana &#8211; via Bielovodska Valley from the north<\/h2><\/div><div class=\"fusion-separator\" style=\"align-self: flex-start;margin-right:auto;margin-top:5px;margin-bottom:15px;width:100%;max-width:80px;\"><div class=\"fusion-separator-border sep-single sep-solid\" style=\"border-color:#d4aa3e;border-top-width:3px;\"><\/div><\/div><div class=\"fusion-text fusion-text-5\"><p><strong>7 &#8211; 8h<\/strong> (\u2191 1260m, \u2193 300m)<\/p>\n<p><strong>Route:<\/strong> Coming to our chalet from the north via Bielovodska Valley, the longest valley in Tatras, it is unlikely that you will meet other people. It&#8217;s a great adventure.<\/p>\n<p><strong>Best conditions:<\/strong>\u00a0June to September, or without snow and ice.<\/p>\n<\/div><\/div><\/div><\/div><\/div><\/p>\n","protected":false},"excerpt":{"rendered":"","protected":false},"author":1,"featured_media":0,"parent":0,"menu_order":0,"comment_status":"closed","ping_status":"closed","template":"100-width.php","meta":[],"_links":{"self":[{"href":"http:\/\/dev.zbojnickachata.sk\/en\/wp-json\/wp\/v2\/pages\/366"}],"collection":[{"href":"http:\/\/dev.zbojnickachata.sk\/en\/wp-json\/wp\/v2\/pages"}],"about":[{"href":"http:\/\/dev.zbojnickachata.sk\/en\/wp-json\/wp\/v2\/types\/page"}],"author":[{"embeddable":true,"href":"http:\/\/dev.zbojnickachata.sk\/en\/wp-json\/wp\/v2\/users\/1"}],"replies":[{"embeddable":true,"href":"http:\/\/dev.zbojnickachata.sk\/en\/wp-json\/wp\/v2\/comments?post=366"}],"version-history":[{"count":5,"href":"http:\/\/dev.zbojnickachata.sk\/en\/wp-json\/wp\/v2\/pages\/366\/revisions"}],"predecessor-version":[{"id":371,"href":"http:\/\/dev.zbojnickachata.sk\/en\/wp-json\/wp\/v2\/pages\/366\/revisions\/371"}],"wp:attachment":[{"href":"http:\/\/dev.zbojnickachata.sk\/en\/wp-json\/wp\/v2\/media?parent=366"}],"curies":[{"name":"wp","href":"https:\/\/api.w.org\/{rel}","templated":true}]}}