{"id":325,"date":"2022-12-04T11:59:53","date_gmt":"2022-12-04T10:59:53","guid":{"rendered":"http:\/\/dev.zbojnickachata.sk\/skialpinizmus\/"},"modified":"2023-01-18T08:27:52","modified_gmt":"2023-01-18T07:27:52","slug":"ski-touring","status":"publish","type":"page","link":"http:\/\/dev.zbojnickachata.sk\/en\/ski-touring\/","title":{"rendered":"Activity &#8211; Ski Touring"},"content":{"rendered":"<p><div class=\"fusion-fullwidth fullwidth-box fusion-builder-row-1 fusion-flex-container nonhundred-percent-fullwidth non-hundred-percent-height-scrolling\" style=\"--awb-border-radius-top-left:0px;--awb-border-radius-top-right:0px;--awb-border-radius-bottom-right:0px;--awb-border-radius-bottom-left:0px;--awb-padding-right-small:0px;--awb-padding-left-small:0px;--awb-background-color:#004853;\" ><div class=\"fusion-builder-row fusion-row fusion-flex-align-items-center\" style=\"max-width:1248px;margin-left: calc(-4% \/ 2 );margin-right: calc(-4% \/ 2 );\"><div class=\"fusion-layout-column fusion_builder_column fusion-builder-column-0 fusion_builder_column_1_2 1_2 fusion-flex-column\" style=\"--awb-bg-image:url(&#039;http:\/\/dev.zbojnickachata.sk\/wp-content\/uploads\/2022\/06\/velka-studena-dolina-skoro-rano.jpg&#039;);--awb-bg-size:cover;--awb-width-large:50%;--awb-spacing-right-large:3.84%;--awb-margin-bottom-large:0px;--awb-spacing-left-large:3.84%;--awb-width-medium:50%;--awb-order-medium:0;--awb-spacing-right-medium:3.84%;--awb-spacing-left-medium:3.84%;--awb-width-small:100%;--awb-order-small:0;--awb-spacing-right-small:1.92%;--awb-spacing-left-small:1.92%;\"><div class=\"fusion-column-wrapper fusion-column-has-shadow fusion-flex-justify-content-flex-start fusion-content-layout-column\" data-bg-url=\"http:\/\/dev.zbojnickachata.sk\/wp-content\/uploads\/2022\/06\/velka-studena-dolina-skoro-rano.jpg\"><div class=\"fusion-image-element \"><span class=\" fusion-imageframe imageframe-none imageframe-1 hover-type-none\"><img decoding=\"async\" width=\"900\" height=\"600\" title=\"zima-900&#215;600-D\" src=\"http:\/\/dev.zbojnickachata.sk\/wp-content\/uploads\/2022\/09\/zima-900x600-D.jpg\" alt class=\"img-responsive wp-image-301\" srcset=\"http:\/\/dev.zbojnickachata.sk\/wp-content\/uploads\/2022\/09\/zima-900x600-D-200x133.jpg 200w, http:\/\/dev.zbojnickachata.sk\/wp-content\/uploads\/2022\/09\/zima-900x600-D-400x267.jpg 400w, http:\/\/dev.zbojnickachata.sk\/wp-content\/uploads\/2022\/09\/zima-900x600-D-600x400.jpg 600w, http:\/\/dev.zbojnickachata.sk\/wp-content\/uploads\/2022\/09\/zima-900x600-D-800x533.jpg 800w, http:\/\/dev.zbojnickachata.sk\/wp-content\/uploads\/2022\/09\/zima-900x600-D.jpg 900w\" sizes=\"(max-width: 640px) 100vw, 600px\" \/><\/span><\/div><\/div><\/div><div class=\"fusion-layout-column fusion_builder_column fusion-builder-column-1 fusion_builder_column_1_2 1_2 fusion-flex-column\" style=\"--awb-padding-top-small:30px;--awb-padding-right-small:30px;--awb-padding-bottom-small:50px;--awb-padding-left-small:30px;--awb-bg-size:cover;--awb-width-large:50%;--awb-spacing-right-large:3.84%;--awb-margin-bottom-large:0px;--awb-spacing-left-large:3.84%;--awb-width-medium:50%;--awb-order-medium:0;--awb-spacing-right-medium:3.84%;--awb-spacing-left-medium:3.84%;--awb-width-small:100%;--awb-order-small:0;--awb-spacing-right-small:1.92%;--awb-spacing-left-small:1.92%;\"><div class=\"fusion-column-wrapper fusion-column-has-shadow fusion-flex-justify-content-flex-start fusion-content-layout-column\"><div class=\"fusion-title title fusion-title-1 fusion-sep-none fusion-title-text fusion-title-size-one\" style=\"--awb-text-color:#ffffff;\"><h1 class=\"title-heading-left\" style=\"margin:0;\">Ski touring in\u00a0Ve\u013ek\u00e1 Studen\u00e1 Valley<\/h1><\/div><div class=\"fusion-separator\" style=\"align-self: flex-start;margin-right:auto;margin-top:10px;margin-bottom:20px;width:100%;max-width:80px;\"><div class=\"fusion-separator-border sep-single sep-solid\" style=\"border-color:#d4aa3e;border-top-width:3px;\"><\/div><\/div><div class=\"fusion-text fusion-text-1\" style=\"--awb-text-color:#ffffff;\"><p>Ve\u013ek\u00e1 Studen\u00e1 Valley offers lots of terrain and options for beautiful ski touring trips and also extreme descents for the more experienced skiers.<\/p>\n<\/div><\/div><\/div><\/div><\/div><div class=\"fusion-fullwidth fullwidth-box fusion-builder-row-2 fusion-flex-container nonhundred-percent-fullwidth non-hundred-percent-height-scrolling\" style=\"--awb-border-radius-top-left:0px;--awb-border-radius-top-right:0px;--awb-border-radius-bottom-right:0px;--awb-border-radius-bottom-left:0px;--awb-padding-top:40px;--awb-padding-bottom:40px;--awb-margin-bottom:60px;--awb-background-color:#f8f7f1;\" ><div class=\"fusion-builder-row fusion-row fusion-flex-align-items-flex-end\" style=\"max-width:1248px;margin-left: calc(-4% \/ 2 );margin-right: calc(-4% \/ 2 );\"><div class=\"fusion-layout-column fusion_builder_column fusion-builder-column-2 fusion_builder_column_1_2 1_2 fusion-flex-column\" style=\"--awb-bg-size:cover;--awb-width-large:50%;--awb-spacing-right-large:3.84%;--awb-margin-bottom-large:0px;--awb-spacing-left-large:3.84%;--awb-width-medium:50%;--awb-order-medium:0;--awb-spacing-right-medium:3.84%;--awb-spacing-left-medium:3.84%;--awb-width-small:100%;--awb-order-small:0;--awb-spacing-right-small:1.92%;--awb-spacing-left-small:1.92%;\"><div class=\"fusion-column-wrapper fusion-column-has-shadow fusion-flex-justify-content-flex-start fusion-content-layout-column\"><div class=\"fusion-title title fusion-title-2 fusion-sep-none fusion-title-text fusion-title-size-two\" style=\"--awb-text-color:#b02929;\"><h2 class=\"title-heading-left\" style=\"margin:0;\">Recommendation and warning<\/h2><\/div><div class=\"fusion-separator\" style=\"align-self: flex-start;margin-right:auto;margin-top:5px;margin-bottom:15px;width:100%;max-width:80px;\"><div class=\"fusion-separator-border sep-single sep-solid\" style=\"border-color:#d4aa3e;border-top-width:3px;\"><\/div><\/div><div class=\"fusion-text fusion-text-2\"><p>Do not forget that an avalanche doesn&#8217;t know your are an avalanche expert!<\/p>\n<p><strong>It&#8217;s only up to you to accurately evaluate<\/strong> the challenges of your route and the current conditions. <strong>Do not assume <\/strong>that a slope is safe just because there is a track.<\/p>\n<\/div><\/div><\/div><div class=\"fusion-layout-column fusion_builder_column fusion-builder-column-3 fusion_builder_column_1_2 1_2 fusion-flex-column\" style=\"--awb-bg-size:cover;--awb-width-large:50%;--awb-spacing-right-large:3.84%;--awb-margin-bottom-large:0px;--awb-spacing-left-large:3.84%;--awb-width-medium:50%;--awb-order-medium:0;--awb-spacing-right-medium:3.84%;--awb-spacing-left-medium:3.84%;--awb-width-small:100%;--awb-order-small:0;--awb-spacing-right-small:1.92%;--awb-spacing-left-small:1.92%;\"><div class=\"fusion-column-wrapper fusion-column-has-shadow fusion-flex-justify-content-flex-start fusion-content-layout-column\"><div class=\"fusion-text fusion-text-3\"><p><strong>We recommend to consult<\/strong> and study ski touring guide book before venturing out, or to higher a mountain guide.<\/p>\n<p><strong>Guides<\/strong> from <a href=\"https:\/\/www.mountainproguiding.com\/\"><strong>Mountain Pro Guiding<\/strong><\/a> will happily take you the <strong>best spots<\/strong> in our valley. Alternatively, you can attend an avalanche course and learn from their experience.<\/p>\n<\/div><\/div><\/div><\/div><\/div><div class=\"fusion-fullwidth fullwidth-box fusion-builder-row-3 fusion-flex-container nonhundred-percent-fullwidth non-hundred-percent-height-scrolling\" style=\"--awb-border-radius-top-left:0px;--awb-border-radius-top-right:0px;--awb-border-radius-bottom-right:0px;--awb-border-radius-bottom-left:0px;--awb-margin-bottom:60px;\" ><div class=\"fusion-builder-row fusion-row fusion-flex-align-items-flex-start\" style=\"max-width:1248px;margin-left: calc(-4% \/ 2 );margin-right: calc(-4% \/ 2 );\"><div class=\"fusion-layout-column fusion_builder_column fusion-builder-column-4 fusion_builder_column_1_2 1_2 fusion-flex-column\" style=\"--awb-bg-size:cover;--awb-width-large:50%;--awb-spacing-right-large:3.84%;--awb-margin-bottom-large:0px;--awb-spacing-left-large:3.84%;--awb-width-medium:50%;--awb-order-medium:0;--awb-spacing-right-medium:3.84%;--awb-spacing-left-medium:3.84%;--awb-width-small:100%;--awb-order-small:0;--awb-spacing-right-small:1.92%;--awb-margin-bottom-small:30px;--awb-spacing-left-small:1.92%;\"><div class=\"fusion-column-wrapper fusion-column-has-shadow fusion-flex-justify-content-flex-start fusion-content-layout-column\"><div class=\"fusion-title title fusion-title-3 fusion-sep-none fusion-title-text fusion-title-size-two\"><h2 class=\"title-heading-left\" style=\"margin:0;\">Prie\u010dne Pass 2352m + Long descent down Streleck\u00e9 polia<\/h2><\/div><div class=\"fusion-separator\" style=\"align-self: flex-start;margin-right:auto;margin-top:5px;margin-bottom:15px;width:100%;max-width:80px;\"><div class=\"fusion-separator-border sep-single sep-solid\" style=\"border-color:#d4aa3e;border-top-width:3px;\"><\/div><\/div><div class=\"fusion-text fusion-text-4\"><p><strong>Difficulty<\/strong>: Recommended only for experienced ski tourers. Steepest sections reach up to 45 degrees.<\/p>\n<p>Ascent and descent Prie\u010dne Pass is a wonderful experience, and especially when you continue down the open slopes of Streleck\u00e9 polia. The descent offers about 800m vertical and is one of the longest in High Tatras.<\/p>\n<\/div><\/div><\/div><div class=\"fusion-layout-column fusion_builder_column fusion-builder-column-5 fusion_builder_column_1_2 1_2 fusion-flex-column\" style=\"--awb-bg-size:cover;--awb-width-large:50%;--awb-spacing-right-large:3.84%;--awb-margin-bottom-large:0px;--awb-spacing-left-large:3.84%;--awb-width-medium:50%;--awb-order-medium:0;--awb-spacing-right-medium:3.84%;--awb-spacing-left-medium:3.84%;--awb-width-small:100%;--awb-order-small:0;--awb-spacing-right-small:1.92%;--awb-spacing-left-small:1.92%;\"><div class=\"fusion-column-wrapper fusion-column-has-shadow fusion-flex-justify-content-flex-start fusion-content-layout-column\"><div class=\"fusion-image-element \"><span class=\" fusion-imageframe imageframe-none imageframe-2 hover-type-none\"><img decoding=\"async\" width=\"900\" height=\"600\" title=\"priecne-sedlo-zavrat\" src=\"http:\/\/dev.zbojnickachata.sk\/wp-content\/uploads\/2023\/01\/priecne-sedlo-zavrat.jpg\" alt class=\"img-responsive wp-image-310\" srcset=\"http:\/\/dev.zbojnickachata.sk\/wp-content\/uploads\/2023\/01\/priecne-sedlo-zavrat-200x133.jpg 200w, http:\/\/dev.zbojnickachata.sk\/wp-content\/uploads\/2023\/01\/priecne-sedlo-zavrat-400x267.jpg 400w, http:\/\/dev.zbojnickachata.sk\/wp-content\/uploads\/2023\/01\/priecne-sedlo-zavrat-600x400.jpg 600w, http:\/\/dev.zbojnickachata.sk\/wp-content\/uploads\/2023\/01\/priecne-sedlo-zavrat-800x533.jpg 800w, http:\/\/dev.zbojnickachata.sk\/wp-content\/uploads\/2023\/01\/priecne-sedlo-zavrat.jpg 900w\" sizes=\"(max-width: 640px) 100vw, 600px\" \/><\/span><\/div><\/div><\/div><\/div><\/div><div class=\"fusion-fullwidth fullwidth-box fusion-builder-row-4 fusion-flex-container nonhundred-percent-fullwidth non-hundred-percent-height-scrolling\" style=\"--awb-border-radius-top-left:0px;--awb-border-radius-top-right:0px;--awb-border-radius-bottom-right:0px;--awb-border-radius-bottom-left:0px;--awb-margin-bottom:60px;\" ><div class=\"fusion-builder-row fusion-row fusion-flex-align-items-flex-start\" style=\"max-width:1248px;margin-left: calc(-4% \/ 2 );margin-right: calc(-4% \/ 2 );\"><div class=\"fusion-layout-column fusion_builder_column fusion-builder-column-6 fusion_builder_column_1_2 1_2 fusion-flex-column\" style=\"--awb-bg-size:cover;--awb-width-large:50%;--awb-spacing-right-large:3.84%;--awb-margin-bottom-large:0px;--awb-spacing-left-large:3.84%;--awb-width-medium:50%;--awb-order-medium:0;--awb-spacing-right-medium:3.84%;--awb-spacing-left-medium:3.84%;--awb-width-small:100%;--awb-order-small:0;--awb-spacing-right-small:1.92%;--awb-margin-bottom-small:30px;--awb-spacing-left-small:1.92%;\"><div class=\"fusion-column-wrapper fusion-column-has-shadow fusion-flex-justify-content-flex-start fusion-content-layout-column\"><div class=\"fusion-title title fusion-title-4 fusion-sep-none fusion-title-text fusion-title-size-two\"><h2 class=\"title-heading-left\" style=\"margin:0;\">Mal\u00fd Z\u00e1vrat &#8211; 2270m<\/h2><\/div><div class=\"fusion-separator\" style=\"align-self: flex-start;margin-right:auto;margin-top:5px;margin-bottom:15px;width:100%;max-width:80px;\"><div class=\"fusion-separator-border sep-single sep-solid\" style=\"border-color:#d4aa3e;border-top-width:3px;\"><\/div><\/div><div class=\"fusion-text fusion-text-5\"><p><strong>Difficulty<\/strong>: Recommended only for experienced ski tourers. Steepest sections reach up to 40 degrees.<\/p>\n<p>A beautiful descent that is quite quick to reach from our chalet (when conditions are safe). It offers 250m of vertical and you can make it longer by another 250m down Gener\u00e1l and then keep it going down Ve\u013ek\u00e1 Studen\u00e1 Valley.<\/p>\n<\/div><\/div><\/div><div class=\"fusion-layout-column fusion_builder_column fusion-builder-column-7 fusion_builder_column_1_2 1_2 fusion-flex-column\" style=\"--awb-bg-size:cover;--awb-width-large:50%;--awb-spacing-right-large:3.84%;--awb-margin-bottom-large:0px;--awb-spacing-left-large:3.84%;--awb-width-medium:50%;--awb-order-medium:0;--awb-spacing-right-medium:3.84%;--awb-spacing-left-medium:3.84%;--awb-width-small:100%;--awb-order-small:0;--awb-spacing-right-small:1.92%;--awb-margin-bottom-small:30px;--awb-spacing-left-small:1.92%;\"><div class=\"fusion-column-wrapper fusion-column-has-shadow fusion-flex-justify-content-flex-start fusion-content-layout-column\"><div class=\"fusion-title title fusion-title-5 fusion-sep-none fusion-title-text fusion-title-size-two\"><h2 class=\"title-heading-left\" style=\"margin:0;\">Gener\u00e1l<\/h2><\/div><div class=\"fusion-separator\" style=\"align-self: flex-start;margin-right:auto;margin-top:5px;margin-bottom:15px;width:100%;max-width:80px;\"><div class=\"fusion-separator-border sep-single sep-solid\" style=\"border-color:#d4aa3e;border-top-width:3px;\"><\/div><\/div><div class=\"fusion-text fusion-text-6\"><p><strong>Difficulty<\/strong>: Recommended for intermediate to advanced ski tourers. Steepest sections reach up to 30 degrees.<\/p>\n<p>Easier wide open terrain offers a nice descent that is quickly accessed from our chalet. The main section features about 250m of vertical and you can prolong it by another 100-130m.<\/p>\n<\/div><\/div><\/div><\/div><\/div><div class=\"fusion-fullwidth fullwidth-box fusion-builder-row-5 fusion-flex-container nonhundred-percent-fullwidth non-hundred-percent-height-scrolling\" style=\"--awb-border-radius-top-left:0px;--awb-border-radius-top-right:0px;--awb-border-radius-bottom-right:0px;--awb-border-radius-bottom-left:0px;--awb-margin-bottom:60px;\" ><div class=\"fusion-builder-row fusion-row fusion-flex-align-items-flex-start\" style=\"max-width:1248px;margin-left: calc(-4% \/ 2 );margin-right: calc(-4% \/ 2 );\"><div class=\"fusion-layout-column fusion_builder_column fusion-builder-column-8 fusion_builder_column_1_2 1_2 fusion-flex-column\" style=\"--awb-bg-size:cover;--awb-width-large:50%;--awb-spacing-right-large:3.84%;--awb-margin-bottom-large:0px;--awb-spacing-left-large:3.84%;--awb-width-medium:50%;--awb-order-medium:0;--awb-spacing-right-medium:3.84%;--awb-spacing-left-medium:3.84%;--awb-width-small:100%;--awb-order-small:0;--awb-spacing-right-small:1.92%;--awb-margin-bottom-small:30px;--awb-spacing-left-small:1.92%;\"><div class=\"fusion-column-wrapper fusion-column-has-shadow fusion-flex-justify-content-flex-start fusion-content-layout-column\"><div class=\"fusion-title title fusion-title-6 fusion-sep-none fusion-title-text fusion-title-size-two\"><h2 class=\"title-heading-left\" style=\"margin:0;\">Svi\u0161\u0165ov\u00fd \u0161t\u00edt &#8211; 2382m<\/h2><\/div><div class=\"fusion-separator\" style=\"align-self: flex-start;margin-right:auto;margin-top:5px;margin-bottom:15px;width:100%;max-width:80px;\"><div class=\"fusion-separator-border sep-single sep-solid\" style=\"border-color:#d4aa3e;border-top-width:3px;\"><\/div><\/div><div class=\"fusion-text fusion-text-7\"><p><strong>Difficulty<\/strong>: Due to big size of the slope and often quickly changing avalanche hazard we recommended this only for experienced ski tourers. Steepest sections reach up to 35 degrees.<\/p>\n<p>A big south-west slope offers a beautiful 350m vertical descent.<\/p>\n<\/div><\/div><\/div><div class=\"fusion-layout-column fusion_builder_column fusion-builder-column-9 fusion_builder_column_1_2 1_2 fusion-flex-column\" style=\"--awb-bg-size:cover;--awb-width-large:50%;--awb-spacing-right-large:3.84%;--awb-margin-bottom-large:0px;--awb-spacing-left-large:3.84%;--awb-width-medium:50%;--awb-order-medium:0;--awb-spacing-right-medium:3.84%;--awb-spacing-left-medium:3.84%;--awb-width-small:100%;--awb-order-small:0;--awb-spacing-right-small:1.92%;--awb-margin-bottom-small:30px;--awb-spacing-left-small:1.92%;\"><div class=\"fusion-column-wrapper fusion-column-has-shadow fusion-flex-justify-content-flex-start fusion-content-layout-column\"><div class=\"fusion-title title fusion-title-7 fusion-sep-none fusion-title-text fusion-title-size-two\"><h2 class=\"title-heading-left\" style=\"margin:0;\">Prielom Pass &#8211; 2290m<\/h2><\/div><div class=\"fusion-separator\" style=\"align-self: flex-start;margin-right:auto;margin-top:5px;margin-bottom:15px;width:100%;max-width:80px;\"><div class=\"fusion-separator-border sep-single sep-solid\" style=\"border-color:#d4aa3e;border-top-width:3px;\"><\/div><\/div><div class=\"fusion-text fusion-text-8\"><p><strong>Difficulty<\/strong>: Recommended for experienced ski tourers. Steepest sections reach up to 40 degrees.<\/p>\n<p>Wide open slope that offers a great 250m vertical descent.<\/p>\n<\/div><\/div><\/div><\/div><\/div><\/p>\n","protected":false},"excerpt":{"rendered":"","protected":false},"author":1,"featured_media":0,"parent":0,"menu_order":0,"comment_status":"closed","ping_status":"open","template":"100-width.php","meta":[],"_links":{"self":[{"href":"http:\/\/dev.zbojnickachata.sk\/en\/wp-json\/wp\/v2\/pages\/325"}],"collection":[{"href":"http:\/\/dev.zbojnickachata.sk\/en\/wp-json\/wp\/v2\/pages"}],"about":[{"href":"http:\/\/dev.zbojnickachata.sk\/en\/wp-json\/wp\/v2\/types\/page"}],"author":[{"embeddable":true,"href":"http:\/\/dev.zbojnickachata.sk\/en\/wp-json\/wp\/v2\/users\/1"}],"replies":[{"embeddable":true,"href":"http:\/\/dev.zbojnickachata.sk\/en\/wp-json\/wp\/v2\/comments?post=325"}],"version-history":[{"count":6,"href":"http:\/\/dev.zbojnickachata.sk\/en\/wp-json\/wp\/v2\/pages\/325\/revisions"}],"predecessor-version":[{"id":331,"href":"http:\/\/dev.zbojnickachata.sk\/en\/wp-json\/wp\/v2\/pages\/325\/revisions\/331"}],"wp:attachment":[{"href":"http:\/\/dev.zbojnickachata.sk\/en\/wp-json\/wp\/v2\/media?parent=325"}],"curies":[{"name":"wp","href":"https:\/\/api.w.org\/{rel}","templated":true}]}}