{"id":316,"date":"2022-12-07T11:08:51","date_gmt":"2022-12-07T10:08:51","guid":{"rendered":"http:\/\/dev.zbojnickachata.sk\/horolezectvo\/"},"modified":"2023-01-18T07:29:55","modified_gmt":"2023-01-18T06:29:55","slug":"climbing","status":"publish","type":"page","link":"http:\/\/dev.zbojnickachata.sk\/en\/climbing\/","title":{"rendered":"Activity &#8211; Climbing"},"content":{"rendered":"<p><div class=\"fusion-fullwidth fullwidth-box fusion-builder-row-1 fusion-flex-container nonhundred-percent-fullwidth non-hundred-percent-height-scrolling\" style=\"--awb-border-radius-top-left:0px;--awb-border-radius-top-right:0px;--awb-border-radius-bottom-right:0px;--awb-border-radius-bottom-left:0px;--awb-padding-right-small:0px;--awb-padding-left-small:0px;--awb-margin-bottom:60px;--awb-background-color:#004853;\" ><div class=\"fusion-builder-row fusion-row fusion-flex-align-items-center\" style=\"max-width:1248px;margin-left: calc(-4% \/ 2 );margin-right: calc(-4% \/ 2 );\"><div class=\"fusion-layout-column fusion_builder_column fusion-builder-column-0 fusion_builder_column_1_2 1_2 fusion-flex-column\" style=\"--awb-bg-image:url(&#039;http:\/\/dev.zbojnickachata.sk\/wp-content\/uploads\/2022\/06\/velka-studena-dolina-skoro-rano.jpg&#039;);--awb-bg-size:cover;--awb-width-large:50%;--awb-spacing-right-large:3.84%;--awb-margin-bottom-large:0px;--awb-spacing-left-large:3.84%;--awb-width-medium:50%;--awb-order-medium:0;--awb-spacing-right-medium:3.84%;--awb-spacing-left-medium:3.84%;--awb-width-small:100%;--awb-order-small:0;--awb-spacing-right-small:1.92%;--awb-spacing-left-small:1.92%;\"><div class=\"fusion-column-wrapper fusion-column-has-shadow fusion-flex-justify-content-flex-start fusion-content-layout-column\" data-bg-url=\"http:\/\/dev.zbojnickachata.sk\/wp-content\/uploads\/2022\/06\/velka-studena-dolina-skoro-rano.jpg\"><div class=\"fusion-image-element \"><span class=\" fusion-imageframe imageframe-none imageframe-1 hover-type-none\"><img decoding=\"async\" width=\"900\" height=\"600\" title=\"lezenie-900&#215;600\" src=\"http:\/\/dev.zbojnickachata.sk\/wp-content\/uploads\/2023\/01\/lezenie-900x600-1.jpg\" alt class=\"img-responsive wp-image-303\" srcset=\"http:\/\/dev.zbojnickachata.sk\/wp-content\/uploads\/2023\/01\/lezenie-900x600-1-200x133.jpg 200w, http:\/\/dev.zbojnickachata.sk\/wp-content\/uploads\/2023\/01\/lezenie-900x600-1-400x267.jpg 400w, http:\/\/dev.zbojnickachata.sk\/wp-content\/uploads\/2023\/01\/lezenie-900x600-1-600x400.jpg 600w, http:\/\/dev.zbojnickachata.sk\/wp-content\/uploads\/2023\/01\/lezenie-900x600-1-800x533.jpg 800w, http:\/\/dev.zbojnickachata.sk\/wp-content\/uploads\/2023\/01\/lezenie-900x600-1.jpg 900w\" sizes=\"(max-width: 640px) 100vw, 600px\" \/><\/span><\/div><\/div><\/div><div class=\"fusion-layout-column fusion_builder_column fusion-builder-column-1 fusion_builder_column_1_2 1_2 fusion-flex-column\" style=\"--awb-padding-top-small:30px;--awb-padding-right-small:30px;--awb-padding-bottom-small:50px;--awb-padding-left-small:30px;--awb-bg-size:cover;--awb-width-large:50%;--awb-spacing-right-large:3.84%;--awb-margin-bottom-large:0px;--awb-spacing-left-large:3.84%;--awb-width-medium:50%;--awb-order-medium:0;--awb-spacing-right-medium:3.84%;--awb-spacing-left-medium:3.84%;--awb-width-small:100%;--awb-order-small:0;--awb-spacing-right-small:1.92%;--awb-spacing-left-small:1.92%;\"><div class=\"fusion-column-wrapper fusion-column-has-shadow fusion-flex-justify-content-flex-start fusion-content-layout-column\"><div class=\"fusion-title title fusion-title-1 fusion-sep-none fusion-title-text fusion-title-size-one\" style=\"--awb-text-color:#ffffff;\"><h1 class=\"title-heading-left\" style=\"margin:0;\">Climbing in Ve\u013ek\u00e1 Studen\u00e1 Valley<\/h1><\/div><div class=\"fusion-separator\" style=\"align-self: flex-start;margin-right:auto;margin-top:10px;margin-bottom:20px;width:100%;max-width:80px;\"><div class=\"fusion-separator-border sep-single sep-solid\" style=\"border-color:#d4aa3e;border-top-width:3px;\"><\/div><\/div><div class=\"fusion-text fusion-text-1\" style=\"--awb-text-color:#ffffff;\"><p>Our valley offers many climbing options of various difficulty on good granite rock and walls.<\/p>\n<\/div><\/div><\/div><\/div><\/div><div class=\"fusion-fullwidth fullwidth-box fusion-builder-row-2 fusion-flex-container nonhundred-percent-fullwidth non-hundred-percent-height-scrolling\" style=\"--awb-border-radius-top-left:0px;--awb-border-radius-top-right:0px;--awb-border-radius-bottom-right:0px;--awb-border-radius-bottom-left:0px;--awb-margin-bottom:60px;\" ><div class=\"fusion-builder-row fusion-row fusion-flex-align-items-flex-start\" style=\"max-width:1248px;margin-left: calc(-4% \/ 2 );margin-right: calc(-4% \/ 2 );\"><div class=\"fusion-layout-column fusion_builder_column fusion-builder-column-2 fusion_builder_column_1_2 1_2 fusion-flex-column\" style=\"--awb-bg-size:cover;--awb-width-large:50%;--awb-spacing-right-large:3.84%;--awb-margin-bottom-large:0px;--awb-spacing-left-large:3.84%;--awb-width-medium:50%;--awb-order-medium:0;--awb-spacing-right-medium:3.84%;--awb-spacing-left-medium:3.84%;--awb-width-small:100%;--awb-order-small:0;--awb-spacing-right-small:1.92%;--awb-margin-bottom-small:30px;--awb-spacing-left-small:1.92%;\"><div class=\"fusion-column-wrapper fusion-column-has-shadow fusion-flex-justify-content-flex-start fusion-content-layout-column\"><div class=\"fusion-title title fusion-title-2 fusion-sep-none fusion-title-text fusion-title-size-two\"><h2 class=\"title-heading-left\" style=\"margin:0;\">We recommend<\/h2><\/div><div class=\"fusion-separator\" style=\"align-self: flex-start;margin-right:auto;margin-top:5px;margin-bottom:15px;width:100%;max-width:80px;\"><div class=\"fusion-separator-border sep-single sep-solid\" style=\"border-color:#d4aa3e;border-top-width:3px;\"><\/div><\/div><div class=\"fusion-text fusion-text-2\"><p>We highly recommend to <strong>buy one of climbing guide books<\/strong> prior to visiting the valley and choose your route based on that.<\/p>\n<p><strong>Some of our favourite climbs<\/strong> in the valley are on the walls of these peaks:<\/p>\n<ul>\n<li>Streleck\u00e1 ve\u017ea<\/li>\n<li>\u0160irok\u00e1 ve\u017ea<\/li>\n<li>Ostr\u00fd \u0161t\u00edt<\/li>\n<li>Javorov\u00fd \u0161t\u00edt<\/li>\n<li>Kupola<\/li>\n<li>Slavkovsk\u00fd \u0161t\u00edt<\/li>\n<\/ul>\n<\/div><\/div><\/div><div class=\"fusion-layout-column fusion_builder_column fusion-builder-column-3 fusion_builder_column_1_2 1_2 fusion-flex-column\" style=\"--awb-bg-size:cover;--awb-width-large:50%;--awb-spacing-right-large:3.84%;--awb-margin-bottom-large:0px;--awb-spacing-left-large:3.84%;--awb-width-medium:50%;--awb-order-medium:0;--awb-spacing-right-medium:3.84%;--awb-spacing-left-medium:3.84%;--awb-width-small:100%;--awb-order-small:0;--awb-spacing-right-small:1.92%;--awb-margin-bottom-small:30px;--awb-spacing-left-small:1.92%;\"><div class=\"fusion-column-wrapper fusion-column-has-shadow fusion-flex-justify-content-flex-start fusion-content-layout-column\"><div class=\"fusion-title title fusion-title-3 fusion-sep-none fusion-title-text fusion-title-size-two\"><h2 class=\"title-heading-left\" style=\"margin:0;\">Obey national park rules and respect others<\/h2><\/div><div class=\"fusion-separator\" style=\"align-self: flex-start;margin-right:auto;margin-top:5px;margin-bottom:15px;width:100%;max-width:80px;\"><div class=\"fusion-separator-border sep-single sep-solid\" style=\"border-color:#d4aa3e;border-top-width:3px;\"><\/div><\/div><div class=\"fusion-text fusion-text-3\"><p>We kindly ask you to respect the nature, animals and other people in the valley as well as to obey the rules of the High Tatras National Park.<\/p>\n<p>Thank you \ud83d\ude42<\/p>\n<\/div><\/div><\/div><\/div><\/div><\/p>\n","protected":false},"excerpt":{"rendered":"","protected":false},"author":1,"featured_media":0,"parent":0,"menu_order":0,"comment_status":"closed","ping_status":"open","template":"100-width.php","meta":[],"_links":{"self":[{"href":"http:\/\/dev.zbojnickachata.sk\/en\/wp-json\/wp\/v2\/pages\/316"}],"collection":[{"href":"http:\/\/dev.zbojnickachata.sk\/en\/wp-json\/wp\/v2\/pages"}],"about":[{"href":"http:\/\/dev.zbojnickachata.sk\/en\/wp-json\/wp\/v2\/types\/page"}],"author":[{"embeddable":true,"href":"http:\/\/dev.zbojnickachata.sk\/en\/wp-json\/wp\/v2\/users\/1"}],"replies":[{"embeddable":true,"href":"http:\/\/dev.zbojnickachata.sk\/en\/wp-json\/wp\/v2\/comments?post=316"}],"version-history":[{"count":5,"href":"http:\/\/dev.zbojnickachata.sk\/en\/wp-json\/wp\/v2\/pages\/316\/revisions"}],"predecessor-version":[{"id":321,"href":"http:\/\/dev.zbojnickachata.sk\/en\/wp-json\/wp\/v2\/pages\/316\/revisions\/321"}],"wp:attachment":[{"href":"http:\/\/dev.zbojnickachata.sk\/en\/wp-json\/wp\/v2\/media?parent=316"}],"curies":[{"name":"wp","href":"https:\/\/api.w.org\/{rel}","templated":true}]}}